{"id":13,"date":"2025-12-02T14:08:50","date_gmt":"2025-12-02T20:08:50","guid":{"rendered":"https:\/\/vinalascruces.directorio-comercial.com\/?page_id=13"},"modified":"2025-12-02T15:03:05","modified_gmt":"2025-12-02T21:03:05","slug":"inicio","status":"publish","type":"page","link":"https:\/\/vinalascruces.directorio-comercial.com\/","title":{"rendered":"Inicio"},"content":{"rendered":"\n<div class=\"wp-block-group alignfull has-global-padding is-layout-constrained wp-block-group-is-layout-constrained\" style=\"padding-top:var(--wp--preset--spacing--30)\">\n<div class=\"wp-block-group alignfull is-content-justification-center is-nowrap is-layout-flex wp-container-core-group-is-layout-23441af8 wp-block-group-is-layout-flex\">\n<img loading=\"lazy\" decoding=\"async\" width=\"1536\" height=\"1024\" data-media-id=\"82\" class=\"gb-media-6d1111bd\" alt=\"\" src=\"https:\/\/vinalascruces.directorio-comercial.com\/wp-content\/uploads\/2025\/12\/ChatGPT-Image-16-nov-2025-04_52_00-a.m.png\" srcset=\"https:\/\/vinalascruces.directorio-comercial.com\/wp-content\/uploads\/2025\/12\/ChatGPT-Image-16-nov-2025-04_52_00-a.m.png 1536w, https:\/\/vinalascruces.directorio-comercial.com\/wp-content\/uploads\/2025\/12\/ChatGPT-Image-16-nov-2025-04_52_00-a.m-300x200.png 300w, https:\/\/vinalascruces.directorio-comercial.com\/wp-content\/uploads\/2025\/12\/ChatGPT-Image-16-nov-2025-04_52_00-a.m-1024x683.png 1024w, https:\/\/vinalascruces.directorio-comercial.com\/wp-content\/uploads\/2025\/12\/ChatGPT-Image-16-nov-2025-04_52_00-a.m-768x512.png 768w\" sizes=\"auto, (max-width: 1536px) 100vw, 1536px\" \/>\n<\/div>\n<\/div>\n\n\n\n<div class=\"wp-block-group has-global-padding is-layout-constrained wp-block-group-is-layout-constrained\">\n<div class=\"wp-block-group is-vertical is-content-justification-center is-layout-flex wp-container-core-group-is-layout-ce155fab wp-block-group-is-layout-flex\">\n<figure class=\"wp-block-image size-full\"><img loading=\"lazy\" decoding=\"async\" width=\"600\" height=\"229\" src=\"https:\/\/vinalascruces.directorio-comercial.com\/wp-content\/uploads\/2025\/12\/Titulo.png\" alt=\"\" class=\"wp-image-68\" srcset=\"https:\/\/vinalascruces.directorio-comercial.com\/wp-content\/uploads\/2025\/12\/Titulo.png 600w, https:\/\/vinalascruces.directorio-comercial.com\/wp-content\/uploads\/2025\/12\/Titulo-300x115.png 300w\" sizes=\"auto, (max-width: 600px) 100vw, 600px\" \/><\/figure>\n\n\n\n<div class=\"wp-block-group has-global-padding is-layout-constrained wp-block-group-is-layout-constrained\">\n<p class=\"gb-text gb-text-5d4f6aa4\">Somos un vi\u00f1edo con 12 a\u00f1os en el cultivo de la uva, y ahora incursionando en el enoturismo como una actividad tanto para los conocedores de vino , como a la gente que les gustan las experiencias en el vino nuestro objetivo es ser referentes en el estado y a nivel republica por las experiencias que ofrecemos , vinos, gastronom\u00eda , talleres, catas y dem\u00e1s servicios<\/p>\n<\/div>\n\n\n\n<div class=\"wp-block-group has-global-padding is-layout-constrained wp-block-group-is-layout-constrained\">\n<p class=\"gb-text gb-text-c0aa2813\">Hermoso vi\u00f1edo de 3.5 has., ubicado en lugar privilegiado, en un clima moderado que cuenta con espacios para disfrutar del vino y la buena compa\u00f1\u00eda con construcci\u00f3n de piedra. contamos con excelente en\u00f3logo, sommelier y chef instalaciones adecuadas para dar buen servicio elaboraci\u00f3n de vinos y ofrecemos variedades de vino y galardonados, seleccionados cuidadosamente<\/p>\n<\/div>\n\n\n\n<div class=\"wp-block-group has-global-padding is-layout-constrained wp-block-group-is-layout-constrained\"><\/div>\n<\/div>\n<\/div>\n","protected":false},"excerpt":{"rendered":"<p>Somos un vi\u00f1edo con 12 a\u00f1os en el cultivo de la uva, y ahora incursionando en el enoturismo como una actividad tanto para los conocedores de vino , como a la gente que les gustan las experiencias en el vino nuestro objetivo es ser referentes en el estado y a nivel republica por las experiencias [&hellip;]<\/p>\n","protected":false},"author":1,"featured_media":0,"parent":0,"menu_order":0,"comment_status":"closed","ping_status":"closed","template":"page-no-title","meta":{"_acf_changed":false,"footnotes":""},"class_list":["post-13","page","type-page","status-publish","hentry"],"acf":[],"_links":{"self":[{"href":"https:\/\/vinalascruces.directorio-comercial.com\/index.php?rest_route=\/wp\/v2\/pages\/13","targetHints":{"allow":["GET"]}}],"collection":[{"href":"https:\/\/vinalascruces.directorio-comercial.com\/index.php?rest_route=\/wp\/v2\/pages"}],"about":[{"href":"https:\/\/vinalascruces.directorio-comercial.com\/index.php?rest_route=\/wp\/v2\/types\/page"}],"author":[{"embeddable":true,"href":"https:\/\/vinalascruces.directorio-comercial.com\/index.php?rest_route=\/wp\/v2\/users\/1"}],"replies":[{"embeddable":true,"href":"https:\/\/vinalascruces.directorio-comercial.com\/index.php?rest_route=%2Fwp%2Fv2%2Fcomments&post=13"}],"version-history":[{"count":5,"href":"https:\/\/vinalascruces.directorio-comercial.com\/index.php?rest_route=\/wp\/v2\/pages\/13\/revisions"}],"predecessor-version":[{"id":84,"href":"https:\/\/vinalascruces.directorio-comercial.com\/index.php?rest_route=\/wp\/v2\/pages\/13\/revisions\/84"}],"wp:attachment":[{"href":"https:\/\/vinalascruces.directorio-comercial.com\/index.php?rest_route=%2Fwp%2Fv2%2Fmedia&parent=13"}],"curies":[{"name":"wp","href":"https:\/\/api.w.org\/{rel}","templated":true}]}}