{"id":15,"date":"2025-12-02T14:09:00","date_gmt":"2025-12-02T20:09:00","guid":{"rendered":"https:\/\/vinalascruces.directorio-comercial.com\/?page_id=15"},"modified":"2025-12-02T15:13:06","modified_gmt":"2025-12-02T21:13:06","slug":"vinos","status":"publish","type":"page","link":"https:\/\/vinalascruces.directorio-comercial.com\/?page_id=15","title":{"rendered":"Vinos"},"content":{"rendered":"\n<div class=\"wp-block-group is-layout-flow wp-block-group-is-layout-flow\" style=\"padding-top:var(--wp--preset--spacing--10);padding-bottom:var(--wp--preset--spacing--10)\">\n<h2 class=\"wp-block-heading has-text-align-center\">Conoce nuestros vinos de alta calidad<\/h2>\n<\/div>\n\n\n\n<div class=\"wp-block-group alignfull has-global-padding is-layout-constrained wp-block-group-is-layout-constrained\">\n<div><div class=\"gb-looper-62e011c8\">\n<div class=\"gb-loop-item gb-loop-item-6f7334a5 post-54 vino type-vino status-publish hentry\">\n<div class=\"wp-block-columns is-layout-flex wp-container-core-columns-is-layout-28232c24 wp-block-columns-is-layout-flex\">\n<div class=\"wp-block-column is-layout-flow wp-block-column-is-layout-flow\" style=\"flex-basis:45%\">\n<img loading=\"lazy\" decoding=\"async\" width=\"1200\" height=\"1600\" data-media-id=\"55\" class=\"gb-media-5fa996fe\" src=\"https:\/\/vinalascruces.directorio-comercial.com\/wp-content\/uploads\/2025\/12\/VinoTintoMalbec.jpg\" alt=\"Amelie\" srcset=\"https:\/\/vinalascruces.directorio-comercial.com\/wp-content\/uploads\/2025\/12\/VinoTintoMalbec.jpg 1200w, https:\/\/vinalascruces.directorio-comercial.com\/wp-content\/uploads\/2025\/12\/VinoTintoMalbec-225x300.jpg 225w, https:\/\/vinalascruces.directorio-comercial.com\/wp-content\/uploads\/2025\/12\/VinoTintoMalbec-768x1024.jpg 768w, https:\/\/vinalascruces.directorio-comercial.com\/wp-content\/uploads\/2025\/12\/VinoTintoMalbec-1152x1536.jpg 1152w\" sizes=\"auto, (max-width: 1200px) 100vw, 1200px\" \/>\n<\/div>\n\n\n\n<div class=\"wp-block-column has-base-2-color has-text-color has-background has-link-color wp-elements-baacc92d829c8fad69b428349ccd8a26 is-layout-flow wp-container-core-column-is-layout-7780cd26 wp-block-column-is-layout-flow\" style=\"background-color:#600000;padding-top:var(--wp--preset--spacing--10);padding-right:var(--wp--preset--spacing--10);padding-bottom:var(--wp--preset--spacing--10);padding-left:var(--wp--preset--spacing--10)\">\n<h3 class=\"gb-text gb-text-743ee4e5\">Amelie<\/h3>\n\n\n\n<div class=\"wp-block-group has-global-padding is-layout-constrained wp-container-core-group-is-layout-2bcfc2bb wp-block-group-is-layout-constrained\" style=\"padding-bottom:var(--wp--preset--spacing--10)\">\n<p class=\"gb-text gb-text-2c5ed28e\">COSECHA Y VINIFICACI\u00d3N POR:<\/p>\n\n\n\n<p class=\"gb-text gb-text-c3fbf1d5\">Regi\u00f3n Zona del Altiplano Mexicano a una altura de 2100 metros sobre el nivel del mar, clima c\u00e1lido y seco con lluvias en verano y diferenciales de temperatura superior a 20C, suelo arcillo arenoso de profundidad media, con sistema de riego por goteo. Producci\u00f3n media de 6 toneladas de vid por hect\u00e1rea y cosecha manual el mismo d\u00eda de su proceso, con madurez fen\u00f3lica<\/p>\n\n\n\n\n<\/div>\n\n\n\n<div class=\"wp-block-group has-global-padding is-layout-constrained wp-container-core-group-is-layout-19e250f3 wp-block-group-is-layout-constrained\">\n<p class=\"gb-text gb-text-22fc36bb\">ELABORACI\u00d3N:<\/p>\n\n\n\n<p class=\"gb-text gb-text-385cc9cb\">Maceraci\u00f3n en frio los primeros d\u00edas y posterior al arranque de la fermentaci\u00f3n con levaduras seleccionadas y control de temperatura a no m\u00e1s de 28C.<\/p>\n\n\n\n\n<\/div>\n<\/div>\n<\/div>\n<\/div>\n\n<div class=\"gb-loop-item gb-loop-item-6f7334a5 post-52 vino type-vino status-publish hentry\">\n<div class=\"wp-block-columns is-layout-flex wp-container-core-columns-is-layout-28232c24 wp-block-columns-is-layout-flex\">\n<div class=\"wp-block-column is-layout-flow wp-block-column-is-layout-flow\" style=\"flex-basis:45%\">\n<img loading=\"lazy\" decoding=\"async\" width=\"900\" height=\"1600\" data-media-id=\"53\" class=\"gb-media-5fa996fe\" src=\"https:\/\/vinalascruces.directorio-comercial.com\/wp-content\/uploads\/2025\/12\/VinoBlancoMacabeo.jpg\" alt=\"Mat\u00edas Blanc\" srcset=\"https:\/\/vinalascruces.directorio-comercial.com\/wp-content\/uploads\/2025\/12\/VinoBlancoMacabeo.jpg 900w, https:\/\/vinalascruces.directorio-comercial.com\/wp-content\/uploads\/2025\/12\/VinoBlancoMacabeo-169x300.jpg 169w, https:\/\/vinalascruces.directorio-comercial.com\/wp-content\/uploads\/2025\/12\/VinoBlancoMacabeo-576x1024.jpg 576w, https:\/\/vinalascruces.directorio-comercial.com\/wp-content\/uploads\/2025\/12\/VinoBlancoMacabeo-768x1365.jpg 768w, https:\/\/vinalascruces.directorio-comercial.com\/wp-content\/uploads\/2025\/12\/VinoBlancoMacabeo-864x1536.jpg 864w\" sizes=\"auto, (max-width: 900px) 100vw, 900px\" \/>\n<\/div>\n\n\n\n<div class=\"wp-block-column has-base-2-color has-text-color has-background has-link-color wp-elements-baacc92d829c8fad69b428349ccd8a26 is-layout-flow wp-container-core-column-is-layout-7780cd26 wp-block-column-is-layout-flow\" style=\"background-color:#600000;padding-top:var(--wp--preset--spacing--10);padding-right:var(--wp--preset--spacing--10);padding-bottom:var(--wp--preset--spacing--10);padding-left:var(--wp--preset--spacing--10)\">\n<h3 class=\"gb-text gb-text-743ee4e5\">Mat\u00edas Blanc<\/h3>\n\n\n\n<div class=\"wp-block-group has-global-padding is-layout-constrained wp-container-core-group-is-layout-2bcfc2bb wp-block-group-is-layout-constrained\" style=\"padding-bottom:var(--wp--preset--spacing--10)\">\n<p class=\"gb-text gb-text-2c5ed28e\">COSECHA Y VINIFICACI\u00d3N POR:<\/p>\n\n\n\n<p class=\"gb-text gb-text-c3fbf1d5\">Regi\u00f3n Zona del Altiplano Mexicano a una altura de 2100 metros sobre el nivel del mar, clima c\u00e1lido y seco con lluvias en verano y diferenciales de temperatura superior a 20\u00b0C, suelo arcillo arenoso de profundidad media, con sistema de riego por goteo.<\/p>\n\n\n\n\n<\/div>\n\n\n\n<div class=\"wp-block-group has-global-padding is-layout-constrained wp-container-core-group-is-layout-19e250f3 wp-block-group-is-layout-constrained\">\n<p class=\"gb-text gb-text-22fc36bb\">ELABORACI\u00d3N:<\/p>\n\n\n\n<p class=\"gb-text gb-text-385cc9cb\">Despalillado, estrujado y prensado ligeros para separar desde el inicio los orujos del mosto, el cual se recibido a baja temperatura de 10*C y posterior elevaci\u00f3n iniciando la fermentaci\u00f3n a no m\u00e1s de 16*C.<\/p>\n\n\n\n\n<\/div>\n<\/div>\n<\/div>\n<\/div>\n\n<div class=\"gb-loop-item gb-loop-item-6f7334a5 post-50 vino type-vino status-publish hentry\">\n<div class=\"wp-block-columns is-layout-flex wp-container-core-columns-is-layout-28232c24 wp-block-columns-is-layout-flex\">\n<div class=\"wp-block-column is-layout-flow wp-block-column-is-layout-flow\" style=\"flex-basis:45%\">\n<img loading=\"lazy\" decoding=\"async\" width=\"900\" height=\"1600\" data-media-id=\"51\" class=\"gb-media-5fa996fe\" src=\"https:\/\/vinalascruces.directorio-comercial.com\/wp-content\/uploads\/2025\/12\/VinoRosaSyrah.jpg\" alt=\"Luciana Ros\u00e9\" srcset=\"https:\/\/vinalascruces.directorio-comercial.com\/wp-content\/uploads\/2025\/12\/VinoRosaSyrah.jpg 900w, https:\/\/vinalascruces.directorio-comercial.com\/wp-content\/uploads\/2025\/12\/VinoRosaSyrah-169x300.jpg 169w, https:\/\/vinalascruces.directorio-comercial.com\/wp-content\/uploads\/2025\/12\/VinoRosaSyrah-576x1024.jpg 576w, https:\/\/vinalascruces.directorio-comercial.com\/wp-content\/uploads\/2025\/12\/VinoRosaSyrah-768x1365.jpg 768w, https:\/\/vinalascruces.directorio-comercial.com\/wp-content\/uploads\/2025\/12\/VinoRosaSyrah-864x1536.jpg 864w\" sizes=\"auto, (max-width: 900px) 100vw, 900px\" \/>\n<\/div>\n\n\n\n<div class=\"wp-block-column has-base-2-color has-text-color has-background has-link-color wp-elements-baacc92d829c8fad69b428349ccd8a26 is-layout-flow wp-container-core-column-is-layout-7780cd26 wp-block-column-is-layout-flow\" style=\"background-color:#600000;padding-top:var(--wp--preset--spacing--10);padding-right:var(--wp--preset--spacing--10);padding-bottom:var(--wp--preset--spacing--10);padding-left:var(--wp--preset--spacing--10)\">\n<h3 class=\"gb-text gb-text-743ee4e5\">Luciana Ros\u00e9<\/h3>\n\n\n\n<div class=\"wp-block-group has-global-padding is-layout-constrained wp-container-core-group-is-layout-2bcfc2bb wp-block-group-is-layout-constrained\" style=\"padding-bottom:var(--wp--preset--spacing--10)\">\n\n\n\n\n\n<\/div>\n\n\n\n<div class=\"wp-block-group has-global-padding is-layout-constrained wp-container-core-group-is-layout-19e250f3 wp-block-group-is-layout-constrained\">\n\n\n\n\n\n<\/div>\n<\/div>\n<\/div>\n<\/div>\n\n<div class=\"gb-loop-item gb-loop-item-6f7334a5 post-48 vino type-vino status-publish hentry\">\n<div class=\"wp-block-columns is-layout-flex wp-container-core-columns-is-layout-28232c24 wp-block-columns-is-layout-flex\">\n<div class=\"wp-block-column is-layout-flow wp-block-column-is-layout-flow\" style=\"flex-basis:45%\">\n<img loading=\"lazy\" decoding=\"async\" width=\"900\" height=\"1600\" data-media-id=\"49\" class=\"gb-media-5fa996fe\" src=\"https:\/\/vinalascruces.directorio-comercial.com\/wp-content\/uploads\/2025\/12\/VinoTinto.jpg\" alt=\"Vino Tinto\" srcset=\"https:\/\/vinalascruces.directorio-comercial.com\/wp-content\/uploads\/2025\/12\/VinoTinto.jpg 900w, https:\/\/vinalascruces.directorio-comercial.com\/wp-content\/uploads\/2025\/12\/VinoTinto-169x300.jpg 169w, https:\/\/vinalascruces.directorio-comercial.com\/wp-content\/uploads\/2025\/12\/VinoTinto-576x1024.jpg 576w, https:\/\/vinalascruces.directorio-comercial.com\/wp-content\/uploads\/2025\/12\/VinoTinto-768x1365.jpg 768w, https:\/\/vinalascruces.directorio-comercial.com\/wp-content\/uploads\/2025\/12\/VinoTinto-864x1536.jpg 864w\" sizes=\"auto, (max-width: 900px) 100vw, 900px\" \/>\n<\/div>\n\n\n\n<div class=\"wp-block-column has-base-2-color has-text-color has-background has-link-color wp-elements-baacc92d829c8fad69b428349ccd8a26 is-layout-flow wp-container-core-column-is-layout-7780cd26 wp-block-column-is-layout-flow\" style=\"background-color:#600000;padding-top:var(--wp--preset--spacing--10);padding-right:var(--wp--preset--spacing--10);padding-bottom:var(--wp--preset--spacing--10);padding-left:var(--wp--preset--spacing--10)\">\n<h3 class=\"gb-text gb-text-743ee4e5\">Vino Tinto<\/h3>\n\n\n\n<div class=\"wp-block-group has-global-padding is-layout-constrained wp-container-core-group-is-layout-2bcfc2bb wp-block-group-is-layout-constrained\" style=\"padding-bottom:var(--wp--preset--spacing--10)\">\n\n\n\n\n\n<\/div>\n\n\n\n<div class=\"wp-block-group has-global-padding is-layout-constrained wp-container-core-group-is-layout-19e250f3 wp-block-group-is-layout-constrained\">\n\n\n\n\n\n<\/div>\n<\/div>\n<\/div>\n<\/div>\n<\/div><\/div>\n<\/div>\n","protected":false},"excerpt":{"rendered":"<p>Conoce nuestros vinos de alta calidad<\/p>\n","protected":false},"author":1,"featured_media":0,"parent":0,"menu_order":0,"comment_status":"closed","ping_status":"closed","template":"page-no-title","meta":{"_acf_changed":false,"footnotes":""},"class_list":["post-15","page","type-page","status-publish","hentry"],"acf":[],"_links":{"self":[{"href":"https:\/\/vinalascruces.directorio-comercial.com\/index.php?rest_route=\/wp\/v2\/pages\/15","targetHints":{"allow":["GET"]}}],"collection":[{"href":"https:\/\/vinalascruces.directorio-comercial.com\/index.php?rest_route=\/wp\/v2\/pages"}],"about":[{"href":"https:\/\/vinalascruces.directorio-comercial.com\/index.php?rest_route=\/wp\/v2\/types\/page"}],"author":[{"embeddable":true,"href":"https:\/\/vinalascruces.directorio-comercial.com\/index.php?rest_route=\/wp\/v2\/users\/1"}],"replies":[{"embeddable":true,"href":"https:\/\/vinalascruces.directorio-comercial.com\/index.php?rest_route=%2Fwp%2Fv2%2Fcomments&post=15"}],"version-history":[{"count":5,"href":"https:\/\/vinalascruces.directorio-comercial.com\/index.php?rest_route=\/wp\/v2\/pages\/15\/revisions"}],"predecessor-version":[{"id":93,"href":"https:\/\/vinalascruces.directorio-comercial.com\/index.php?rest_route=\/wp\/v2\/pages\/15\/revisions\/93"}],"wp:attachment":[{"href":"https:\/\/vinalascruces.directorio-comercial.com\/index.php?rest_route=%2Fwp%2Fv2%2Fmedia&parent=15"}],"curies":[{"name":"wp","href":"https:\/\/api.w.org\/{rel}","templated":true}]}}